{"id":11006,"date":"2022-06-05T16:27:34","date_gmt":"2022-06-05T16:27:34","guid":{"rendered":"https:\/\/noorikiri.ee\/toode\/cuddly-animal-owl-cub\/"},"modified":"2022-06-05T16:27:34","modified_gmt":"2022-06-05T16:27:34","slug":"cuddly-animal-owl-cub","status":"publish","type":"product","link":"https:\/\/noorikiri.ee\/en\/toode\/cuddly-animal-owl-cub\/","title":{"rendered":"Cuddly animal &#8220;Owl Cub&#8221;"},"content":{"rendered":"<p><strong>Maintenance instructions:<\/strong><\/p>\n<p><span data-sheets-value=\"{\"1\":2,\"2\":\"Kaisutada armastusega! Kaisulooma v\u00f5ib pesta pesumasinas 40 \u2070C juures. \"}\" data-sheets-userformat=\"{\"2\":33539,\"3\":{\"1\":0},\"4\":{\"1\":3,\"3\":3},\"11\":4,\"12\":0,\"18\":1}\">Cuddle with love! A cuddly animal can be washed in a washing machine at 40 \u2070C. <\/span><\/p>\n","protected":false},"excerpt":{"rendered":"<p><span data-sheets-value=\"{\"1\":2,\"2\":\"Kaisuloomade kujunduse autor on White Parrot Design O\u00dc. \u00d6\u00f6kullipoja suurus on 16x12cm. Valmistatud naturaalsest linasest kangast. Sees padjat\u00e4idis (pol\u00fcester).\"}\" data-sheets-userformat=\"{\"2\":771,\"3\":{\"1\":0},\"4\":{\"1\":3,\"3\":2},\"11\":4,\"12\":0}\">The author of the design of cuddly animals is White Parrot Design O\u00dc. The size of the owl cub is 16x12cm. Made of natural linen fabric. Inside pillow filler (polyester).<\/span><\/p>\n<ul>\n<li><strong>Delivery of goods<\/strong> within 5 working days from the date of placing the order.<\/li>\n<\/ul>\n","protected":false},"featured_media":10570,"comment_status":"open","ping_status":"closed","template":"","meta":[],"product_brand":[],"product_cat":[135],"product_tag":[],"class_list":{"0":"post-11006","1":"product","2":"type-product","3":"status-publish","4":"has-post-thumbnail","6":"product_cat-cuddly-animals","8":"first","9":"instock","10":"shipping-taxable","11":"purchasable","12":"product-type-simple"},"yoast_head":"<!-- This site is optimized with the Yoast SEO plugin v27.5 - https:\/\/yoast.com\/product\/yoast-seo-wordpress\/ -->\n<title>Cuddly animal &quot;Owl Cub&quot; - N\u00f6\u00f6rikiri<\/title>\n<meta name=\"description\" content=\"The author of the design of the cuddly animal &quot;Owl Boy&quot; is White Parrot Design O\u00dc. The size of the owl cub is 16x12cm. Made of natural linen fabric. Inside pillow filler (polyester).\" \/>\n<meta name=\"robots\" content=\"index, follow, max-snippet:-1, max-image-preview:large, max-video-preview:-1\" \/>\n<link rel=\"canonical\" href=\"https:\/\/noorikiri.ee\/en\/toode\/cuddly-animal-owl-cub\/\" \/>\n<meta property=\"og:locale\" content=\"en_US\" \/>\n<meta property=\"og:type\" content=\"article\" \/>\n<meta property=\"og:title\" content=\"Cuddly animal &quot;Owl Cub&quot; - N\u00f6\u00f6rikiri\" \/>\n<meta property=\"og:description\" content=\"The author of the design of the cuddly animal &quot;Owl Boy&quot; is White Parrot Design O\u00dc. The size of the owl cub is 16x12cm. Made of natural linen fabric. Inside pillow filler (polyester).\" \/>\n<meta property=\"og:url\" content=\"https:\/\/noorikiri.ee\/en\/toode\/cuddly-animal-owl-cub\/\" \/>\n<meta property=\"og:site_name\" content=\"N\u00f6\u00f6rikiri\" \/>\n<meta property=\"og:image\" content=\"https:\/\/noorikiri.ee\/wp-content\/uploads\/2022\/06\/Kaisuloom-Ookull-scaled.jpg\" \/>\n\t<meta property=\"og:image:width\" content=\"2501\" \/>\n\t<meta property=\"og:image:height\" content=\"2560\" \/>\n\t<meta property=\"og:image:type\" content=\"image\/jpeg\" \/>\n<meta name=\"twitter:card\" content=\"summary_large_image\" \/>\n<script type=\"application\/ld+json\" class=\"yoast-schema-graph\">{\"@context\":\"https:\\\/\\\/schema.org\",\"@graph\":[{\"@type\":\"WebPage\",\"@id\":\"https:\\\/\\\/noorikiri.ee\\\/en\\\/toode\\\/cuddly-animal-owl-cub\\\/\",\"url\":\"https:\\\/\\\/noorikiri.ee\\\/en\\\/toode\\\/cuddly-animal-owl-cub\\\/\",\"name\":\"Cuddly animal \\\"Owl Cub\\\" - N\u00f6\u00f6rikiri\",\"isPartOf\":{\"@id\":\"https:\\\/\\\/noorikiri.ee\\\/en\\\/#website\"},\"primaryImageOfPage\":{\"@id\":\"https:\\\/\\\/noorikiri.ee\\\/en\\\/toode\\\/cuddly-animal-owl-cub\\\/#primaryimage\"},\"image\":{\"@id\":\"https:\\\/\\\/noorikiri.ee\\\/en\\\/toode\\\/cuddly-animal-owl-cub\\\/#primaryimage\"},\"thumbnailUrl\":\"https:\\\/\\\/noorikiri.ee\\\/wp-content\\\/uploads\\\/2022\\\/06\\\/Kaisuloom-Ookull-scaled.jpg\",\"datePublished\":\"2022-06-05T16:27:34+00:00\",\"description\":\"The author of the design of the cuddly animal \\\"Owl Boy\\\" is White Parrot Design O\u00dc. The size of the owl cub is 16x12cm. Made of natural linen fabric. Inside pillow filler (polyester).\",\"breadcrumb\":{\"@id\":\"https:\\\/\\\/noorikiri.ee\\\/en\\\/toode\\\/cuddly-animal-owl-cub\\\/#breadcrumb\"},\"inLanguage\":\"en-US\",\"potentialAction\":[{\"@type\":\"ReadAction\",\"target\":[\"https:\\\/\\\/noorikiri.ee\\\/en\\\/toode\\\/cuddly-animal-owl-cub\\\/\"]}]},{\"@type\":\"ImageObject\",\"inLanguage\":\"en-US\",\"@id\":\"https:\\\/\\\/noorikiri.ee\\\/en\\\/toode\\\/cuddly-animal-owl-cub\\\/#primaryimage\",\"url\":\"https:\\\/\\\/noorikiri.ee\\\/wp-content\\\/uploads\\\/2022\\\/06\\\/Kaisuloom-Ookull-scaled.jpg\",\"contentUrl\":\"https:\\\/\\\/noorikiri.ee\\\/wp-content\\\/uploads\\\/2022\\\/06\\\/Kaisuloom-Ookull-scaled.jpg\",\"width\":2501,\"height\":2560},{\"@type\":\"BreadcrumbList\",\"@id\":\"https:\\\/\\\/noorikiri.ee\\\/en\\\/toode\\\/cuddly-animal-owl-cub\\\/#breadcrumb\",\"itemListElement\":[{\"@type\":\"ListItem\",\"position\":1,\"name\":\"Esileht\",\"item\":\"https:\\\/\\\/noorikiri.ee\\\/en\\\/\"},{\"@type\":\"ListItem\",\"position\":2,\"name\":\"Shop\",\"item\":\"https:\\\/\\\/noorikiri.ee\\\/en\\\/pood\\\/\"},{\"@type\":\"ListItem\",\"position\":3,\"name\":\"Cuddly animal &#8220;Owl Cub&#8221;\"}]},{\"@type\":\"WebSite\",\"@id\":\"https:\\\/\\\/noorikiri.ee\\\/en\\\/#website\",\"url\":\"https:\\\/\\\/noorikiri.ee\\\/en\\\/\",\"name\":\"N\u00f6\u00f6rikiri\",\"description\":\"\",\"potentialAction\":[{\"@type\":\"SearchAction\",\"target\":{\"@type\":\"EntryPoint\",\"urlTemplate\":\"https:\\\/\\\/noorikiri.ee\\\/en\\\/?s={search_term_string}\"},\"query-input\":{\"@type\":\"PropertyValueSpecification\",\"valueRequired\":true,\"valueName\":\"search_term_string\"}}],\"inLanguage\":\"en-US\"}]}<\/script>\n<!-- \/ Yoast SEO plugin. -->","yoast_head_json":{"title":"Cuddly animal \"Owl Cub\" - N\u00f6\u00f6rikiri","description":"The author of the design of the cuddly animal \"Owl Boy\" is White Parrot Design O\u00dc. The size of the owl cub is 16x12cm. Made of natural linen fabric. Inside pillow filler (polyester).","robots":{"index":"index","follow":"follow","max-snippet":"max-snippet:-1","max-image-preview":"max-image-preview:large","max-video-preview":"max-video-preview:-1"},"canonical":"https:\/\/noorikiri.ee\/en\/toode\/cuddly-animal-owl-cub\/","og_locale":"en_US","og_type":"article","og_title":"Cuddly animal \"Owl Cub\" - N\u00f6\u00f6rikiri","og_description":"The author of the design of the cuddly animal \"Owl Boy\" is White Parrot Design O\u00dc. The size of the owl cub is 16x12cm. Made of natural linen fabric. Inside pillow filler (polyester).","og_url":"https:\/\/noorikiri.ee\/en\/toode\/cuddly-animal-owl-cub\/","og_site_name":"N\u00f6\u00f6rikiri","og_image":[{"width":2501,"height":2560,"url":"https:\/\/noorikiri.ee\/wp-content\/uploads\/2022\/06\/Kaisuloom-Ookull-scaled.jpg","type":"image\/jpeg"}],"twitter_card":"summary_large_image","schema":{"@context":"https:\/\/schema.org","@graph":[{"@type":"WebPage","@id":"https:\/\/noorikiri.ee\/en\/toode\/cuddly-animal-owl-cub\/","url":"https:\/\/noorikiri.ee\/en\/toode\/cuddly-animal-owl-cub\/","name":"Cuddly animal \"Owl Cub\" - N\u00f6\u00f6rikiri","isPartOf":{"@id":"https:\/\/noorikiri.ee\/en\/#website"},"primaryImageOfPage":{"@id":"https:\/\/noorikiri.ee\/en\/toode\/cuddly-animal-owl-cub\/#primaryimage"},"image":{"@id":"https:\/\/noorikiri.ee\/en\/toode\/cuddly-animal-owl-cub\/#primaryimage"},"thumbnailUrl":"https:\/\/noorikiri.ee\/wp-content\/uploads\/2022\/06\/Kaisuloom-Ookull-scaled.jpg","datePublished":"2022-06-05T16:27:34+00:00","description":"The author of the design of the cuddly animal \"Owl Boy\" is White Parrot Design O\u00dc. The size of the owl cub is 16x12cm. Made of natural linen fabric. Inside pillow filler (polyester).","breadcrumb":{"@id":"https:\/\/noorikiri.ee\/en\/toode\/cuddly-animal-owl-cub\/#breadcrumb"},"inLanguage":"en-US","potentialAction":[{"@type":"ReadAction","target":["https:\/\/noorikiri.ee\/en\/toode\/cuddly-animal-owl-cub\/"]}]},{"@type":"ImageObject","inLanguage":"en-US","@id":"https:\/\/noorikiri.ee\/en\/toode\/cuddly-animal-owl-cub\/#primaryimage","url":"https:\/\/noorikiri.ee\/wp-content\/uploads\/2022\/06\/Kaisuloom-Ookull-scaled.jpg","contentUrl":"https:\/\/noorikiri.ee\/wp-content\/uploads\/2022\/06\/Kaisuloom-Ookull-scaled.jpg","width":2501,"height":2560},{"@type":"BreadcrumbList","@id":"https:\/\/noorikiri.ee\/en\/toode\/cuddly-animal-owl-cub\/#breadcrumb","itemListElement":[{"@type":"ListItem","position":1,"name":"Esileht","item":"https:\/\/noorikiri.ee\/en\/"},{"@type":"ListItem","position":2,"name":"Shop","item":"https:\/\/noorikiri.ee\/en\/pood\/"},{"@type":"ListItem","position":3,"name":"Cuddly animal &#8220;Owl Cub&#8221;"}]},{"@type":"WebSite","@id":"https:\/\/noorikiri.ee\/en\/#website","url":"https:\/\/noorikiri.ee\/en\/","name":"N\u00f6\u00f6rikiri","description":"","potentialAction":[{"@type":"SearchAction","target":{"@type":"EntryPoint","urlTemplate":"https:\/\/noorikiri.ee\/en\/?s={search_term_string}"},"query-input":{"@type":"PropertyValueSpecification","valueRequired":true,"valueName":"search_term_string"}}],"inLanguage":"en-US"}]}},"_links":{"self":[{"href":"https:\/\/noorikiri.ee\/en\/wp-json\/wp\/v2\/product\/11006","targetHints":{"allow":["GET"]}}],"collection":[{"href":"https:\/\/noorikiri.ee\/en\/wp-json\/wp\/v2\/product"}],"about":[{"href":"https:\/\/noorikiri.ee\/en\/wp-json\/wp\/v2\/types\/product"}],"replies":[{"embeddable":true,"href":"https:\/\/noorikiri.ee\/en\/wp-json\/wp\/v2\/comments?post=11006"}],"wp:featuredmedia":[{"embeddable":true,"href":"https:\/\/noorikiri.ee\/en\/wp-json\/wp\/v2\/media\/10570"}],"wp:attachment":[{"href":"https:\/\/noorikiri.ee\/en\/wp-json\/wp\/v2\/media?parent=11006"}],"wp:term":[{"taxonomy":"product_brand","embeddable":true,"href":"https:\/\/noorikiri.ee\/en\/wp-json\/wp\/v2\/product_brand?post=11006"},{"taxonomy":"product_cat","embeddable":true,"href":"https:\/\/noorikiri.ee\/en\/wp-json\/wp\/v2\/product_cat?post=11006"},{"taxonomy":"product_tag","embeddable":true,"href":"https:\/\/noorikiri.ee\/en\/wp-json\/wp\/v2\/product_tag?post=11006"}],"curies":[{"name":"wp","href":"https:\/\/api.w.org\/{rel}","templated":true}]}}