{"id":10999,"date":"2022-06-05T16:35:01","date_gmt":"2022-06-05T16:35:01","guid":{"rendered":"https:\/\/noorikiri.ee\/toode\/bow-tie-parish-white\/"},"modified":"2022-09-12T13:09:28","modified_gmt":"2022-09-12T13:09:28","slug":"bow-tie-on-white","status":"publish","type":"product","link":"https:\/\/noorikiri.ee\/en\/toode\/bow-tie-on-white\/","title":{"rendered":"Bow tie &#8220;Kihelkonna on white&#8221;"},"content":{"rendered":"<p><strong>Maintenance instructions:<\/strong><\/p>\n<p><span data-sheets-value=\"{\"1\":2,\"2\":\"Kanda armastusega! Ainult kuivpuhastus.\"}\" data-sheets-userformat=\"{\"2\":771,\"3\":{\"1\":0},\"4\":{\"1\":3,\"3\":2},\"11\":4,\"12\":0}\">Wear with love! Only dry cleaning.<\/span><\/p>\n","protected":false},"excerpt":{"rendered":"<p><span data-sheets-value=\"{\"1\":2,\"2\":\"Kikilipsude valmistamisel on \u00e4ra kasutatud erinevatest \u00f5mblusprojektidest j\u00e4rele j\u00e4\u00e4nud kangaid. Sellep\u00e4rast on erinevatel mudelitel ka pisut erinev materjali koostis. K\u00f5ik lipsud on m\u00f5\u00f5tudega 6x12 cm ning sobivad kaela\u00fcmberm\u00f5\u00f5dule 30-45 cm. Tikitud viskoosniidiga ning pakendatud kaunisse karpi.\"}\" data-sheets-userformat=\"{\"2\":771,\"3\":{\"1\":0},\"4\":{\"1\":3,\"3\":2},\"11\":4,\"12\":0}\">In the manufacture of bow ties, the fabrics left over from various sewing projects have been used. That is why different models also have a slightly different composition of the material. All ties measure 6&#215;12 cm and are suitable for neck circumference of 30-45 cm. Embroidered with viscose thread and packaged in a beautiful box.<\/span><\/p>\n<ul>\n<li><strong>Delivery of goods<\/strong> within 5 working days from the date of placing the order.<\/li>\n<\/ul>\n","protected":false},"featured_media":10558,"comment_status":"open","ping_status":"closed","template":"","meta":[],"product_brand":[],"product_cat":[136],"product_tag":[],"class_list":{"0":"post-10999","1":"product","2":"type-product","3":"status-publish","4":"has-post-thumbnail","6":"product_cat-bow-ties","8":"first","9":"instock","10":"shipping-taxable","11":"purchasable","12":"product-type-simple"},"yoast_head":"<!-- This site is optimized with the Yoast SEO plugin v27.5 - https:\/\/yoast.com\/product\/yoast-seo-wordpress\/ -->\n<title>Bow tie &quot;Kihelkonna on white&quot; - N\u00f6\u00f6rikiri<\/title>\n<meta name=\"description\" content=\"The bow tie &quot;Kihelkonna on white&quot; has been made using the fabrics left over from various sewing projects.\" \/>\n<meta name=\"robots\" content=\"index, follow, max-snippet:-1, max-image-preview:large, max-video-preview:-1\" \/>\n<link rel=\"canonical\" href=\"https:\/\/noorikiri.ee\/en\/toode\/bow-tie-on-white\/\" \/>\n<meta property=\"og:locale\" content=\"en_US\" \/>\n<meta property=\"og:type\" content=\"article\" \/>\n<meta property=\"og:title\" content=\"Bow tie &quot;Kihelkonna on white&quot; - N\u00f6\u00f6rikiri\" \/>\n<meta property=\"og:description\" content=\"The bow tie &quot;Kihelkonna on white&quot; has been made using the fabrics left over from various sewing projects.\" \/>\n<meta property=\"og:url\" content=\"https:\/\/noorikiri.ee\/en\/toode\/bow-tie-on-white\/\" \/>\n<meta property=\"og:site_name\" content=\"N\u00f6\u00f6rikiri\" \/>\n<meta property=\"article:modified_time\" content=\"2022-09-12T13:09:28+00:00\" \/>\n<meta property=\"og:image\" content=\"https:\/\/noorikiri.ee\/wp-content\/uploads\/2022\/06\/Kihelkonna-valge-scaled.jpg\" \/>\n\t<meta property=\"og:image:width\" content=\"2560\" \/>\n\t<meta property=\"og:image:height\" content=\"1680\" \/>\n\t<meta property=\"og:image:type\" content=\"image\/jpeg\" \/>\n<meta name=\"twitter:card\" content=\"summary_large_image\" \/>\n<script type=\"application\/ld+json\" class=\"yoast-schema-graph\">{\"@context\":\"https:\\\/\\\/schema.org\",\"@graph\":[{\"@type\":\"WebPage\",\"@id\":\"https:\\\/\\\/noorikiri.ee\\\/en\\\/toode\\\/bow-tie-on-white\\\/\",\"url\":\"https:\\\/\\\/noorikiri.ee\\\/en\\\/toode\\\/bow-tie-on-white\\\/\",\"name\":\"Bow tie \\\"Kihelkonna on white\\\" - N\u00f6\u00f6rikiri\",\"isPartOf\":{\"@id\":\"https:\\\/\\\/noorikiri.ee\\\/en\\\/#website\"},\"primaryImageOfPage\":{\"@id\":\"https:\\\/\\\/noorikiri.ee\\\/en\\\/toode\\\/bow-tie-on-white\\\/#primaryimage\"},\"image\":{\"@id\":\"https:\\\/\\\/noorikiri.ee\\\/en\\\/toode\\\/bow-tie-on-white\\\/#primaryimage\"},\"thumbnailUrl\":\"https:\\\/\\\/noorikiri.ee\\\/wp-content\\\/uploads\\\/2022\\\/06\\\/Kihelkonna-valge-scaled.jpg\",\"datePublished\":\"2022-06-05T16:35:01+00:00\",\"dateModified\":\"2022-09-12T13:09:28+00:00\",\"description\":\"The bow tie \\\"Kihelkonna on white\\\" has been made using the fabrics left over from various sewing projects.\",\"breadcrumb\":{\"@id\":\"https:\\\/\\\/noorikiri.ee\\\/en\\\/toode\\\/bow-tie-on-white\\\/#breadcrumb\"},\"inLanguage\":\"en-US\",\"potentialAction\":[{\"@type\":\"ReadAction\",\"target\":[\"https:\\\/\\\/noorikiri.ee\\\/en\\\/toode\\\/bow-tie-on-white\\\/\"]}]},{\"@type\":\"ImageObject\",\"inLanguage\":\"en-US\",\"@id\":\"https:\\\/\\\/noorikiri.ee\\\/en\\\/toode\\\/bow-tie-on-white\\\/#primaryimage\",\"url\":\"https:\\\/\\\/noorikiri.ee\\\/wp-content\\\/uploads\\\/2022\\\/06\\\/Kihelkonna-valge-scaled.jpg\",\"contentUrl\":\"https:\\\/\\\/noorikiri.ee\\\/wp-content\\\/uploads\\\/2022\\\/06\\\/Kihelkonna-valge-scaled.jpg\",\"width\":2560,\"height\":1680},{\"@type\":\"BreadcrumbList\",\"@id\":\"https:\\\/\\\/noorikiri.ee\\\/en\\\/toode\\\/bow-tie-on-white\\\/#breadcrumb\",\"itemListElement\":[{\"@type\":\"ListItem\",\"position\":1,\"name\":\"Esileht\",\"item\":\"https:\\\/\\\/noorikiri.ee\\\/en\\\/\"},{\"@type\":\"ListItem\",\"position\":2,\"name\":\"Shop\",\"item\":\"https:\\\/\\\/noorikiri.ee\\\/en\\\/pood\\\/\"},{\"@type\":\"ListItem\",\"position\":3,\"name\":\"Bow tie &#8220;Kihelkonna on white&#8221;\"}]},{\"@type\":\"WebSite\",\"@id\":\"https:\\\/\\\/noorikiri.ee\\\/en\\\/#website\",\"url\":\"https:\\\/\\\/noorikiri.ee\\\/en\\\/\",\"name\":\"N\u00f6\u00f6rikiri\",\"description\":\"\",\"potentialAction\":[{\"@type\":\"SearchAction\",\"target\":{\"@type\":\"EntryPoint\",\"urlTemplate\":\"https:\\\/\\\/noorikiri.ee\\\/en\\\/?s={search_term_string}\"},\"query-input\":{\"@type\":\"PropertyValueSpecification\",\"valueRequired\":true,\"valueName\":\"search_term_string\"}}],\"inLanguage\":\"en-US\"}]}<\/script>\n<!-- \/ Yoast SEO plugin. -->","yoast_head_json":{"title":"Bow tie \"Kihelkonna on white\" - N\u00f6\u00f6rikiri","description":"The bow tie \"Kihelkonna on white\" has been made using the fabrics left over from various sewing projects.","robots":{"index":"index","follow":"follow","max-snippet":"max-snippet:-1","max-image-preview":"max-image-preview:large","max-video-preview":"max-video-preview:-1"},"canonical":"https:\/\/noorikiri.ee\/en\/toode\/bow-tie-on-white\/","og_locale":"en_US","og_type":"article","og_title":"Bow tie \"Kihelkonna on white\" - N\u00f6\u00f6rikiri","og_description":"The bow tie \"Kihelkonna on white\" has been made using the fabrics left over from various sewing projects.","og_url":"https:\/\/noorikiri.ee\/en\/toode\/bow-tie-on-white\/","og_site_name":"N\u00f6\u00f6rikiri","article_modified_time":"2022-09-12T13:09:28+00:00","og_image":[{"width":2560,"height":1680,"url":"https:\/\/noorikiri.ee\/wp-content\/uploads\/2022\/06\/Kihelkonna-valge-scaled.jpg","type":"image\/jpeg"}],"twitter_card":"summary_large_image","schema":{"@context":"https:\/\/schema.org","@graph":[{"@type":"WebPage","@id":"https:\/\/noorikiri.ee\/en\/toode\/bow-tie-on-white\/","url":"https:\/\/noorikiri.ee\/en\/toode\/bow-tie-on-white\/","name":"Bow tie \"Kihelkonna on white\" - N\u00f6\u00f6rikiri","isPartOf":{"@id":"https:\/\/noorikiri.ee\/en\/#website"},"primaryImageOfPage":{"@id":"https:\/\/noorikiri.ee\/en\/toode\/bow-tie-on-white\/#primaryimage"},"image":{"@id":"https:\/\/noorikiri.ee\/en\/toode\/bow-tie-on-white\/#primaryimage"},"thumbnailUrl":"https:\/\/noorikiri.ee\/wp-content\/uploads\/2022\/06\/Kihelkonna-valge-scaled.jpg","datePublished":"2022-06-05T16:35:01+00:00","dateModified":"2022-09-12T13:09:28+00:00","description":"The bow tie \"Kihelkonna on white\" has been made using the fabrics left over from various sewing projects.","breadcrumb":{"@id":"https:\/\/noorikiri.ee\/en\/toode\/bow-tie-on-white\/#breadcrumb"},"inLanguage":"en-US","potentialAction":[{"@type":"ReadAction","target":["https:\/\/noorikiri.ee\/en\/toode\/bow-tie-on-white\/"]}]},{"@type":"ImageObject","inLanguage":"en-US","@id":"https:\/\/noorikiri.ee\/en\/toode\/bow-tie-on-white\/#primaryimage","url":"https:\/\/noorikiri.ee\/wp-content\/uploads\/2022\/06\/Kihelkonna-valge-scaled.jpg","contentUrl":"https:\/\/noorikiri.ee\/wp-content\/uploads\/2022\/06\/Kihelkonna-valge-scaled.jpg","width":2560,"height":1680},{"@type":"BreadcrumbList","@id":"https:\/\/noorikiri.ee\/en\/toode\/bow-tie-on-white\/#breadcrumb","itemListElement":[{"@type":"ListItem","position":1,"name":"Esileht","item":"https:\/\/noorikiri.ee\/en\/"},{"@type":"ListItem","position":2,"name":"Shop","item":"https:\/\/noorikiri.ee\/en\/pood\/"},{"@type":"ListItem","position":3,"name":"Bow tie &#8220;Kihelkonna on white&#8221;"}]},{"@type":"WebSite","@id":"https:\/\/noorikiri.ee\/en\/#website","url":"https:\/\/noorikiri.ee\/en\/","name":"N\u00f6\u00f6rikiri","description":"","potentialAction":[{"@type":"SearchAction","target":{"@type":"EntryPoint","urlTemplate":"https:\/\/noorikiri.ee\/en\/?s={search_term_string}"},"query-input":{"@type":"PropertyValueSpecification","valueRequired":true,"valueName":"search_term_string"}}],"inLanguage":"en-US"}]}},"_links":{"self":[{"href":"https:\/\/noorikiri.ee\/en\/wp-json\/wp\/v2\/product\/10999","targetHints":{"allow":["GET"]}}],"collection":[{"href":"https:\/\/noorikiri.ee\/en\/wp-json\/wp\/v2\/product"}],"about":[{"href":"https:\/\/noorikiri.ee\/en\/wp-json\/wp\/v2\/types\/product"}],"replies":[{"embeddable":true,"href":"https:\/\/noorikiri.ee\/en\/wp-json\/wp\/v2\/comments?post=10999"}],"wp:featuredmedia":[{"embeddable":true,"href":"https:\/\/noorikiri.ee\/en\/wp-json\/wp\/v2\/media\/10558"}],"wp:attachment":[{"href":"https:\/\/noorikiri.ee\/en\/wp-json\/wp\/v2\/media?parent=10999"}],"wp:term":[{"taxonomy":"product_brand","embeddable":true,"href":"https:\/\/noorikiri.ee\/en\/wp-json\/wp\/v2\/product_brand?post=10999"},{"taxonomy":"product_cat","embeddable":true,"href":"https:\/\/noorikiri.ee\/en\/wp-json\/wp\/v2\/product_cat?post=10999"},{"taxonomy":"product_tag","embeddable":true,"href":"https:\/\/noorikiri.ee\/en\/wp-json\/wp\/v2\/product_tag?post=10999"}],"curies":[{"name":"wp","href":"https:\/\/api.w.org\/{rel}","templated":true}]}}