{"id":10979,"date":"2022-06-10T17:47:35","date_gmt":"2022-06-10T17:47:35","guid":{"rendered":"https:\/\/noorikiri.ee\/toode\/belt-maarja\/"},"modified":"2022-06-10T17:47:35","modified_gmt":"2022-06-10T17:47:35","slug":"belt-maarja","status":"publish","type":"product","link":"https:\/\/noorikiri.ee\/en\/toode\/belt-maarja\/","title":{"rendered":"Belt &#8220;Maarja&#8221;"},"content":{"rendered":"<p><strong>Maintenance instructions:<\/strong><\/p>\n<p><span data-sheets-value=\"{\"1\":2,\"2\":\"Ainult k\u00e4sitsipesu. Triikida l\u00e4bi kanga.\"}\" data-sheets-userformat=\"{\"2\":771,\"3\":{\"1\":0},\"4\":{\"1\":3,\"3\":2},\"11\":4,\"12\":0}\">Handwashing only. Iron through the fabric.<\/span><\/p>\n","protected":false},"excerpt":{"rendered":"<p><span data-sheets-value=\"{\"1\":2,\"2\":\"V\u00f6\u00f6 on valmistatud villa ja pol\u00fcestri segu kangast ning on tagant seotav. Kujunduses on kasutatud Eesti rahvariietel esinevaid rukkilille ja kelluka motiive. V\u00f6\u00f6 k\u00f5rgus eest on 8 cm ja tagant 4 cm ning on pakendatud kingituseks sobivalt.\"}\" data-sheets-userformat=\"{\"2\":771,\"3\":{\"1\":0},\"4\":{\"1\":3,\"3\":2},\"11\":4,\"12\":0}\">The belt is made of fabric of a mixture of wool and polyester and can be tied from the back. The design uses cornflower and bell motifs on Estonian folk costumes. The height of the belt is 8 cm at the front and 4 cm at the back and is packaged appropriately as a gift.<\/span><\/p>\n<ul>\n<li><strong>Delivery of goods<\/strong> within 5 working days from the date of placing the order.<\/li>\n<\/ul>\n","protected":false},"featured_media":10582,"comment_status":"open","ping_status":"closed","template":"","meta":[],"product_brand":[],"product_cat":[140],"product_tag":[],"class_list":{"0":"post-10979","1":"product","2":"type-product","3":"status-publish","4":"has-post-thumbnail","6":"product_cat-belts","8":"first","9":"instock","10":"shipping-taxable","11":"purchasable","12":"product-type-variable"},"yoast_head":"<!-- This site is optimized with the Yoast SEO plugin v27.5 - https:\/\/yoast.com\/product\/yoast-seo-wordpress\/ -->\n<title>Belt &quot;Maarja&quot; - N\u00f6\u00f6rikiri<\/title>\n<meta name=\"description\" content=\"The belt &quot;Maarja&quot; is made of fabric of a mixture of wool and polyester and is tied from the back. The design uses cornflower and bell motifs on Estonian folk costumes. The height of the belt is 8 cm at the front and 4 cm at the back and is packaged appropriately as a gift.\" \/>\n<meta name=\"robots\" content=\"index, follow, max-snippet:-1, max-image-preview:large, max-video-preview:-1\" \/>\n<link rel=\"canonical\" href=\"https:\/\/noorikiri.ee\/en\/toode\/belt-maarja\/\" \/>\n<meta property=\"og:locale\" content=\"en_US\" \/>\n<meta property=\"og:type\" content=\"article\" \/>\n<meta property=\"og:title\" content=\"Belt &quot;Maarja&quot; - N\u00f6\u00f6rikiri\" \/>\n<meta property=\"og:description\" content=\"The belt &quot;Maarja&quot; is made of fabric of a mixture of wool and polyester and is tied from the back. The design uses cornflower and bell motifs on Estonian folk costumes. The height of the belt is 8 cm at the front and 4 cm at the back and is packaged appropriately as a gift.\" \/>\n<meta property=\"og:url\" content=\"https:\/\/noorikiri.ee\/en\/toode\/belt-maarja\/\" \/>\n<meta property=\"og:site_name\" content=\"N\u00f6\u00f6rikiri\" \/>\n<meta property=\"og:image\" content=\"https:\/\/noorikiri.ee\/wp-content\/uploads\/2022\/06\/noorikiri13-scaled.jpg\" \/>\n\t<meta property=\"og:image:width\" content=\"2560\" \/>\n\t<meta property=\"og:image:height\" content=\"1707\" \/>\n\t<meta property=\"og:image:type\" content=\"image\/jpeg\" \/>\n<meta name=\"twitter:card\" content=\"summary_large_image\" \/>\n<script type=\"application\/ld+json\" class=\"yoast-schema-graph\">{\"@context\":\"https:\\\/\\\/schema.org\",\"@graph\":[{\"@type\":\"WebPage\",\"@id\":\"https:\\\/\\\/noorikiri.ee\\\/en\\\/toode\\\/belt-maarja\\\/\",\"url\":\"https:\\\/\\\/noorikiri.ee\\\/en\\\/toode\\\/belt-maarja\\\/\",\"name\":\"Belt \\\"Maarja\\\" - N\u00f6\u00f6rikiri\",\"isPartOf\":{\"@id\":\"https:\\\/\\\/noorikiri.ee\\\/en\\\/#website\"},\"primaryImageOfPage\":{\"@id\":\"https:\\\/\\\/noorikiri.ee\\\/en\\\/toode\\\/belt-maarja\\\/#primaryimage\"},\"image\":{\"@id\":\"https:\\\/\\\/noorikiri.ee\\\/en\\\/toode\\\/belt-maarja\\\/#primaryimage\"},\"thumbnailUrl\":\"https:\\\/\\\/noorikiri.ee\\\/wp-content\\\/uploads\\\/2022\\\/06\\\/noorikiri13-scaled.jpg\",\"datePublished\":\"2022-06-10T17:47:35+00:00\",\"description\":\"The belt \\\"Maarja\\\" is made of fabric of a mixture of wool and polyester and is tied from the back. The design uses cornflower and bell motifs on Estonian folk costumes. The height of the belt is 8 cm at the front and 4 cm at the back and is packaged appropriately as a gift.\",\"breadcrumb\":{\"@id\":\"https:\\\/\\\/noorikiri.ee\\\/en\\\/toode\\\/belt-maarja\\\/#breadcrumb\"},\"inLanguage\":\"en-US\",\"potentialAction\":[{\"@type\":\"ReadAction\",\"target\":[\"https:\\\/\\\/noorikiri.ee\\\/en\\\/toode\\\/belt-maarja\\\/\"]}]},{\"@type\":\"ImageObject\",\"inLanguage\":\"en-US\",\"@id\":\"https:\\\/\\\/noorikiri.ee\\\/en\\\/toode\\\/belt-maarja\\\/#primaryimage\",\"url\":\"https:\\\/\\\/noorikiri.ee\\\/wp-content\\\/uploads\\\/2022\\\/06\\\/noorikiri13-scaled.jpg\",\"contentUrl\":\"https:\\\/\\\/noorikiri.ee\\\/wp-content\\\/uploads\\\/2022\\\/06\\\/noorikiri13-scaled.jpg\",\"width\":2560,\"height\":1707},{\"@type\":\"BreadcrumbList\",\"@id\":\"https:\\\/\\\/noorikiri.ee\\\/en\\\/toode\\\/belt-maarja\\\/#breadcrumb\",\"itemListElement\":[{\"@type\":\"ListItem\",\"position\":1,\"name\":\"Esileht\",\"item\":\"https:\\\/\\\/noorikiri.ee\\\/en\\\/\"},{\"@type\":\"ListItem\",\"position\":2,\"name\":\"Shop\",\"item\":\"https:\\\/\\\/noorikiri.ee\\\/en\\\/pood\\\/\"},{\"@type\":\"ListItem\",\"position\":3,\"name\":\"Belt &#8220;Maarja&#8221;\"}]},{\"@type\":\"WebSite\",\"@id\":\"https:\\\/\\\/noorikiri.ee\\\/en\\\/#website\",\"url\":\"https:\\\/\\\/noorikiri.ee\\\/en\\\/\",\"name\":\"N\u00f6\u00f6rikiri\",\"description\":\"\",\"potentialAction\":[{\"@type\":\"SearchAction\",\"target\":{\"@type\":\"EntryPoint\",\"urlTemplate\":\"https:\\\/\\\/noorikiri.ee\\\/en\\\/?s={search_term_string}\"},\"query-input\":{\"@type\":\"PropertyValueSpecification\",\"valueRequired\":true,\"valueName\":\"search_term_string\"}}],\"inLanguage\":\"en-US\"}]}<\/script>\n<!-- \/ Yoast SEO plugin. -->","yoast_head_json":{"title":"Belt \"Maarja\" - N\u00f6\u00f6rikiri","description":"The belt \"Maarja\" is made of fabric of a mixture of wool and polyester and is tied from the back. The design uses cornflower and bell motifs on Estonian folk costumes. The height of the belt is 8 cm at the front and 4 cm at the back and is packaged appropriately as a gift.","robots":{"index":"index","follow":"follow","max-snippet":"max-snippet:-1","max-image-preview":"max-image-preview:large","max-video-preview":"max-video-preview:-1"},"canonical":"https:\/\/noorikiri.ee\/en\/toode\/belt-maarja\/","og_locale":"en_US","og_type":"article","og_title":"Belt \"Maarja\" - N\u00f6\u00f6rikiri","og_description":"The belt \"Maarja\" is made of fabric of a mixture of wool and polyester and is tied from the back. The design uses cornflower and bell motifs on Estonian folk costumes. The height of the belt is 8 cm at the front and 4 cm at the back and is packaged appropriately as a gift.","og_url":"https:\/\/noorikiri.ee\/en\/toode\/belt-maarja\/","og_site_name":"N\u00f6\u00f6rikiri","og_image":[{"width":2560,"height":1707,"url":"https:\/\/noorikiri.ee\/wp-content\/uploads\/2022\/06\/noorikiri13-scaled.jpg","type":"image\/jpeg"}],"twitter_card":"summary_large_image","schema":{"@context":"https:\/\/schema.org","@graph":[{"@type":"WebPage","@id":"https:\/\/noorikiri.ee\/en\/toode\/belt-maarja\/","url":"https:\/\/noorikiri.ee\/en\/toode\/belt-maarja\/","name":"Belt \"Maarja\" - N\u00f6\u00f6rikiri","isPartOf":{"@id":"https:\/\/noorikiri.ee\/en\/#website"},"primaryImageOfPage":{"@id":"https:\/\/noorikiri.ee\/en\/toode\/belt-maarja\/#primaryimage"},"image":{"@id":"https:\/\/noorikiri.ee\/en\/toode\/belt-maarja\/#primaryimage"},"thumbnailUrl":"https:\/\/noorikiri.ee\/wp-content\/uploads\/2022\/06\/noorikiri13-scaled.jpg","datePublished":"2022-06-10T17:47:35+00:00","description":"The belt \"Maarja\" is made of fabric of a mixture of wool and polyester and is tied from the back. The design uses cornflower and bell motifs on Estonian folk costumes. The height of the belt is 8 cm at the front and 4 cm at the back and is packaged appropriately as a gift.","breadcrumb":{"@id":"https:\/\/noorikiri.ee\/en\/toode\/belt-maarja\/#breadcrumb"},"inLanguage":"en-US","potentialAction":[{"@type":"ReadAction","target":["https:\/\/noorikiri.ee\/en\/toode\/belt-maarja\/"]}]},{"@type":"ImageObject","inLanguage":"en-US","@id":"https:\/\/noorikiri.ee\/en\/toode\/belt-maarja\/#primaryimage","url":"https:\/\/noorikiri.ee\/wp-content\/uploads\/2022\/06\/noorikiri13-scaled.jpg","contentUrl":"https:\/\/noorikiri.ee\/wp-content\/uploads\/2022\/06\/noorikiri13-scaled.jpg","width":2560,"height":1707},{"@type":"BreadcrumbList","@id":"https:\/\/noorikiri.ee\/en\/toode\/belt-maarja\/#breadcrumb","itemListElement":[{"@type":"ListItem","position":1,"name":"Esileht","item":"https:\/\/noorikiri.ee\/en\/"},{"@type":"ListItem","position":2,"name":"Shop","item":"https:\/\/noorikiri.ee\/en\/pood\/"},{"@type":"ListItem","position":3,"name":"Belt &#8220;Maarja&#8221;"}]},{"@type":"WebSite","@id":"https:\/\/noorikiri.ee\/en\/#website","url":"https:\/\/noorikiri.ee\/en\/","name":"N\u00f6\u00f6rikiri","description":"","potentialAction":[{"@type":"SearchAction","target":{"@type":"EntryPoint","urlTemplate":"https:\/\/noorikiri.ee\/en\/?s={search_term_string}"},"query-input":{"@type":"PropertyValueSpecification","valueRequired":true,"valueName":"search_term_string"}}],"inLanguage":"en-US"}]}},"_links":{"self":[{"href":"https:\/\/noorikiri.ee\/en\/wp-json\/wp\/v2\/product\/10979","targetHints":{"allow":["GET"]}}],"collection":[{"href":"https:\/\/noorikiri.ee\/en\/wp-json\/wp\/v2\/product"}],"about":[{"href":"https:\/\/noorikiri.ee\/en\/wp-json\/wp\/v2\/types\/product"}],"replies":[{"embeddable":true,"href":"https:\/\/noorikiri.ee\/en\/wp-json\/wp\/v2\/comments?post=10979"}],"wp:featuredmedia":[{"embeddable":true,"href":"https:\/\/noorikiri.ee\/en\/wp-json\/wp\/v2\/media\/10582"}],"wp:attachment":[{"href":"https:\/\/noorikiri.ee\/en\/wp-json\/wp\/v2\/media?parent=10979"}],"wp:term":[{"taxonomy":"product_brand","embeddable":true,"href":"https:\/\/noorikiri.ee\/en\/wp-json\/wp\/v2\/product_brand?post=10979"},{"taxonomy":"product_cat","embeddable":true,"href":"https:\/\/noorikiri.ee\/en\/wp-json\/wp\/v2\/product_cat?post=10979"},{"taxonomy":"product_tag","embeddable":true,"href":"https:\/\/noorikiri.ee\/en\/wp-json\/wp\/v2\/product_tag?post=10979"}],"curies":[{"name":"wp","href":"https:\/\/api.w.org\/{rel}","templated":true}]}}