{"id":10912,"date":"2022-06-10T20:32:24","date_gmt":"2022-06-10T20:32:24","guid":{"rendered":"https:\/\/noorikiri.ee\/toode\/the-sauna-towel-huva-leili\/"},"modified":"2022-09-14T21:25:41","modified_gmt":"2022-09-14T21:25:41","slug":"sauna-towel-huva-leili","status":"publish","type":"product","link":"https:\/\/noorikiri.ee\/en\/toode\/sauna-towel-huva-leili\/","title":{"rendered":"Sauna towel &#8220;H\u00fcva leili&#8221;."},"content":{"rendered":"<p><strong>Maintenance instructions:<\/strong><\/p>\n<p>The sauna towels are 100% cotton terry, with a material weighing 400 g\/m\u00b2. Towels are machine washable at up to 60 \u2070C.<\/p>\n","protected":false},"excerpt":{"rendered":"<p>Sauna towel measures 75&#215;150 cm. 100% cotton. Choose a towel and text of the right shade for you.<\/p>\n<ul>\n<li><strong>Delivery of goods<\/strong> within 5 working days from the date of placing the order.<\/li>\n<\/ul>\n","protected":false},"featured_media":10587,"comment_status":"closed","ping_status":"closed","template":"","meta":[],"product_brand":[],"product_cat":[137],"product_tag":[],"class_list":{"0":"post-10912","1":"product","2":"type-product","3":"status-publish","4":"has-post-thumbnail","6":"product_cat-bath-towels","8":"first","9":"instock","10":"shipping-taxable","11":"purchasable","12":"product-type-variable"},"yoast_head":"<!-- This site is optimized with the Yoast SEO plugin v27.5 - https:\/\/yoast.com\/product\/yoast-seo-wordpress\/ -->\n<title>Sauna towel &quot;H\u00fcva leili&quot;. - N\u00f6\u00f6rikiri<\/title>\n<meta name=\"description\" content=\"Sauna towel &quot;H\u00fcva leili&quot; measures 75x150 cm. 100% cotton. Choose a towel and text of the right shade for you.\" \/>\n<meta name=\"robots\" content=\"index, follow, max-snippet:-1, max-image-preview:large, max-video-preview:-1\" \/>\n<link rel=\"canonical\" href=\"https:\/\/noorikiri.ee\/en\/toode\/sauna-towel-huva-leili\/\" \/>\n<meta property=\"og:locale\" content=\"en_US\" \/>\n<meta property=\"og:type\" content=\"article\" \/>\n<meta property=\"og:title\" content=\"Sauna towel &quot;H\u00fcva leili&quot;. - N\u00f6\u00f6rikiri\" \/>\n<meta property=\"og:description\" content=\"Sauna towel &quot;H\u00fcva leili&quot; measures 75x150 cm. 100% cotton. Choose a towel and text of the right shade for you.\" \/>\n<meta property=\"og:url\" content=\"https:\/\/noorikiri.ee\/en\/toode\/sauna-towel-huva-leili\/\" \/>\n<meta property=\"og:site_name\" content=\"N\u00f6\u00f6rikiri\" \/>\n<meta property=\"article:modified_time\" content=\"2022-09-14T21:25:41+00:00\" \/>\n<meta property=\"og:image\" content=\"https:\/\/noorikiri.ee\/wp-content\/uploads\/2022\/06\/noorikiri2-1-scaled.jpg\" \/>\n\t<meta property=\"og:image:width\" content=\"1706\" \/>\n\t<meta property=\"og:image:height\" content=\"2560\" \/>\n\t<meta property=\"og:image:type\" content=\"image\/jpeg\" \/>\n<meta name=\"twitter:card\" content=\"summary_large_image\" \/>\n<meta name=\"twitter:label1\" content=\"Est. reading time\" \/>\n\t<meta name=\"twitter:data1\" content=\"1 minute\" \/>\n<script type=\"application\/ld+json\" class=\"yoast-schema-graph\">{\"@context\":\"https:\\\/\\\/schema.org\",\"@graph\":[{\"@type\":\"WebPage\",\"@id\":\"https:\\\/\\\/noorikiri.ee\\\/en\\\/toode\\\/sauna-towel-huva-leili\\\/\",\"url\":\"https:\\\/\\\/noorikiri.ee\\\/en\\\/toode\\\/sauna-towel-huva-leili\\\/\",\"name\":\"Sauna towel \\\"H\u00fcva leili\\\". - N\u00f6\u00f6rikiri\",\"isPartOf\":{\"@id\":\"https:\\\/\\\/noorikiri.ee\\\/en\\\/#website\"},\"primaryImageOfPage\":{\"@id\":\"https:\\\/\\\/noorikiri.ee\\\/en\\\/toode\\\/sauna-towel-huva-leili\\\/#primaryimage\"},\"image\":{\"@id\":\"https:\\\/\\\/noorikiri.ee\\\/en\\\/toode\\\/sauna-towel-huva-leili\\\/#primaryimage\"},\"thumbnailUrl\":\"https:\\\/\\\/noorikiri.ee\\\/wp-content\\\/uploads\\\/2022\\\/06\\\/noorikiri2-1-scaled.jpg\",\"datePublished\":\"2022-06-10T20:32:24+00:00\",\"dateModified\":\"2022-09-14T21:25:41+00:00\",\"description\":\"Sauna towel \\\"H\u00fcva leili\\\" measures 75x150 cm. 100% cotton. Choose a towel and text of the right shade for you.\",\"breadcrumb\":{\"@id\":\"https:\\\/\\\/noorikiri.ee\\\/en\\\/toode\\\/sauna-towel-huva-leili\\\/#breadcrumb\"},\"inLanguage\":\"en-US\",\"potentialAction\":[{\"@type\":\"ReadAction\",\"target\":[\"https:\\\/\\\/noorikiri.ee\\\/en\\\/toode\\\/sauna-towel-huva-leili\\\/\"]}]},{\"@type\":\"ImageObject\",\"inLanguage\":\"en-US\",\"@id\":\"https:\\\/\\\/noorikiri.ee\\\/en\\\/toode\\\/sauna-towel-huva-leili\\\/#primaryimage\",\"url\":\"https:\\\/\\\/noorikiri.ee\\\/wp-content\\\/uploads\\\/2022\\\/06\\\/noorikiri2-1-scaled.jpg\",\"contentUrl\":\"https:\\\/\\\/noorikiri.ee\\\/wp-content\\\/uploads\\\/2022\\\/06\\\/noorikiri2-1-scaled.jpg\",\"width\":1706,\"height\":2560},{\"@type\":\"BreadcrumbList\",\"@id\":\"https:\\\/\\\/noorikiri.ee\\\/en\\\/toode\\\/sauna-towel-huva-leili\\\/#breadcrumb\",\"itemListElement\":[{\"@type\":\"ListItem\",\"position\":1,\"name\":\"Esileht\",\"item\":\"https:\\\/\\\/noorikiri.ee\\\/en\\\/\"},{\"@type\":\"ListItem\",\"position\":2,\"name\":\"Shop\",\"item\":\"https:\\\/\\\/noorikiri.ee\\\/en\\\/pood\\\/\"},{\"@type\":\"ListItem\",\"position\":3,\"name\":\"Sauna towel &#8220;H\u00fcva leili&#8221;.\"}]},{\"@type\":\"WebSite\",\"@id\":\"https:\\\/\\\/noorikiri.ee\\\/en\\\/#website\",\"url\":\"https:\\\/\\\/noorikiri.ee\\\/en\\\/\",\"name\":\"N\u00f6\u00f6rikiri\",\"description\":\"\",\"potentialAction\":[{\"@type\":\"SearchAction\",\"target\":{\"@type\":\"EntryPoint\",\"urlTemplate\":\"https:\\\/\\\/noorikiri.ee\\\/en\\\/?s={search_term_string}\"},\"query-input\":{\"@type\":\"PropertyValueSpecification\",\"valueRequired\":true,\"valueName\":\"search_term_string\"}}],\"inLanguage\":\"en-US\"}]}<\/script>\n<!-- \/ Yoast SEO plugin. -->","yoast_head_json":{"title":"Sauna towel \"H\u00fcva leili\". - N\u00f6\u00f6rikiri","description":"Sauna towel \"H\u00fcva leili\" measures 75x150 cm. 100% cotton. Choose a towel and text of the right shade for you.","robots":{"index":"index","follow":"follow","max-snippet":"max-snippet:-1","max-image-preview":"max-image-preview:large","max-video-preview":"max-video-preview:-1"},"canonical":"https:\/\/noorikiri.ee\/en\/toode\/sauna-towel-huva-leili\/","og_locale":"en_US","og_type":"article","og_title":"Sauna towel \"H\u00fcva leili\". - N\u00f6\u00f6rikiri","og_description":"Sauna towel \"H\u00fcva leili\" measures 75x150 cm. 100% cotton. Choose a towel and text of the right shade for you.","og_url":"https:\/\/noorikiri.ee\/en\/toode\/sauna-towel-huva-leili\/","og_site_name":"N\u00f6\u00f6rikiri","article_modified_time":"2022-09-14T21:25:41+00:00","og_image":[{"width":1706,"height":2560,"url":"https:\/\/noorikiri.ee\/wp-content\/uploads\/2022\/06\/noorikiri2-1-scaled.jpg","type":"image\/jpeg"}],"twitter_card":"summary_large_image","twitter_misc":{"Est. reading time":"1 minute"},"schema":{"@context":"https:\/\/schema.org","@graph":[{"@type":"WebPage","@id":"https:\/\/noorikiri.ee\/en\/toode\/sauna-towel-huva-leili\/","url":"https:\/\/noorikiri.ee\/en\/toode\/sauna-towel-huva-leili\/","name":"Sauna towel \"H\u00fcva leili\". - N\u00f6\u00f6rikiri","isPartOf":{"@id":"https:\/\/noorikiri.ee\/en\/#website"},"primaryImageOfPage":{"@id":"https:\/\/noorikiri.ee\/en\/toode\/sauna-towel-huva-leili\/#primaryimage"},"image":{"@id":"https:\/\/noorikiri.ee\/en\/toode\/sauna-towel-huva-leili\/#primaryimage"},"thumbnailUrl":"https:\/\/noorikiri.ee\/wp-content\/uploads\/2022\/06\/noorikiri2-1-scaled.jpg","datePublished":"2022-06-10T20:32:24+00:00","dateModified":"2022-09-14T21:25:41+00:00","description":"Sauna towel \"H\u00fcva leili\" measures 75x150 cm. 100% cotton. Choose a towel and text of the right shade for you.","breadcrumb":{"@id":"https:\/\/noorikiri.ee\/en\/toode\/sauna-towel-huva-leili\/#breadcrumb"},"inLanguage":"en-US","potentialAction":[{"@type":"ReadAction","target":["https:\/\/noorikiri.ee\/en\/toode\/sauna-towel-huva-leili\/"]}]},{"@type":"ImageObject","inLanguage":"en-US","@id":"https:\/\/noorikiri.ee\/en\/toode\/sauna-towel-huva-leili\/#primaryimage","url":"https:\/\/noorikiri.ee\/wp-content\/uploads\/2022\/06\/noorikiri2-1-scaled.jpg","contentUrl":"https:\/\/noorikiri.ee\/wp-content\/uploads\/2022\/06\/noorikiri2-1-scaled.jpg","width":1706,"height":2560},{"@type":"BreadcrumbList","@id":"https:\/\/noorikiri.ee\/en\/toode\/sauna-towel-huva-leili\/#breadcrumb","itemListElement":[{"@type":"ListItem","position":1,"name":"Esileht","item":"https:\/\/noorikiri.ee\/en\/"},{"@type":"ListItem","position":2,"name":"Shop","item":"https:\/\/noorikiri.ee\/en\/pood\/"},{"@type":"ListItem","position":3,"name":"Sauna towel &#8220;H\u00fcva leili&#8221;."}]},{"@type":"WebSite","@id":"https:\/\/noorikiri.ee\/en\/#website","url":"https:\/\/noorikiri.ee\/en\/","name":"N\u00f6\u00f6rikiri","description":"","potentialAction":[{"@type":"SearchAction","target":{"@type":"EntryPoint","urlTemplate":"https:\/\/noorikiri.ee\/en\/?s={search_term_string}"},"query-input":{"@type":"PropertyValueSpecification","valueRequired":true,"valueName":"search_term_string"}}],"inLanguage":"en-US"}]}},"_links":{"self":[{"href":"https:\/\/noorikiri.ee\/en\/wp-json\/wp\/v2\/product\/10912","targetHints":{"allow":["GET"]}}],"collection":[{"href":"https:\/\/noorikiri.ee\/en\/wp-json\/wp\/v2\/product"}],"about":[{"href":"https:\/\/noorikiri.ee\/en\/wp-json\/wp\/v2\/types\/product"}],"replies":[{"embeddable":true,"href":"https:\/\/noorikiri.ee\/en\/wp-json\/wp\/v2\/comments?post=10912"}],"wp:featuredmedia":[{"embeddable":true,"href":"https:\/\/noorikiri.ee\/en\/wp-json\/wp\/v2\/media\/10587"}],"wp:attachment":[{"href":"https:\/\/noorikiri.ee\/en\/wp-json\/wp\/v2\/media?parent=10912"}],"wp:term":[{"taxonomy":"product_brand","embeddable":true,"href":"https:\/\/noorikiri.ee\/en\/wp-json\/wp\/v2\/product_brand?post=10912"},{"taxonomy":"product_cat","embeddable":true,"href":"https:\/\/noorikiri.ee\/en\/wp-json\/wp\/v2\/product_cat?post=10912"},{"taxonomy":"product_tag","embeddable":true,"href":"https:\/\/noorikiri.ee\/en\/wp-json\/wp\/v2\/product_tag?post=10912"}],"curies":[{"name":"wp","href":"https:\/\/api.w.org\/{rel}","templated":true}]}}