{"id":10631,"date":"2022-08-05T10:03:44","date_gmt":"2022-08-05T10:03:44","guid":{"rendered":"https:\/\/noorikiri.ee\/toode\/sauna-towel-with-a-personal-message\/"},"modified":"2024-12-03T11:27:15","modified_gmt":"2024-12-03T11:27:15","slug":"personal-message-sauna-towel","status":"publish","type":"product","link":"https:\/\/noorikiri.ee\/en\/toode\/personal-message-sauna-towel\/","title":{"rendered":"Sauna towel with a personal message"},"content":{"rendered":"<p><span data-sheets-value=\"{\"1\":2,\"2\":\"Hooldusjuhend\"}\" data-sheets-userformat=\"{\"2\":515,\"3\":{\"1\":0},\"4\":{\"1\":3,\"3\":2},\"12\":0}\">Maintenance instructions:<\/span><\/p>\n<p><span data-sheets-value=\"{\"1\":2,\"2\":\"Saunalinad on 100% puuvilla froteest, materjali kaaluga 400 g\/m\u00b2. R\u00e4tikud on masinpestavad kuni 60 \u2070C juures.\"}\" data-sheets-userformat=\"{\"2\":7043,\"3\":{\"1\":0},\"4\":{\"1\":3,\"3\":2},\"10\":1,\"11\":4,\"12\":0,\"14\":{\"1\":2,\"2\":0},\"15\":\"Roboto, RobotoDraft, Helvetica, Arial, sans-serif\"}\">Sauna towels are 100% cotton terry, with a material weighing 400 g\/m\u00b2. Towels are machine washable at up to 60 \u2070C.<\/span><\/p>\n","protected":false},"excerpt":{"rendered":"<p><span data-sheets-value=\"{\"1\":2,\"2\":\"Selleks, et saada personaalse s\u00f5numiga saunalina, tee palun 4 asja. 1. Kirjuta tekst juuresolevasse kasti (kuni 40 t\u00e4hem\u00e4rki). 2. Vali v\u00e4lja r\u00e4tiku v\u00e4rv. 3. Vali v\u00e4lja niidi v\u00e4rv. 4. Vali kirjafont.\"}\" data-sheets-userformat=\"{\"2\":7043,\"3\":{\"1\":0},\"4\":{\"1\":3,\"3\":2},\"10\":1,\"11\":4,\"12\":0,\"14\":{\"1\":2,\"2\":0},\"15\":\"Roboto, RobotoDraft, Helvetica, Arial, sans-serif\"}\">In order to receive a sauna towel with a personal message, please do 4 things. <\/span><\/p>\n<p><span data-sheets-value=\"{\"1\":2,\"2\":\"Selleks, et saada personaalse s\u00f5numiga saunalina, tee palun 4 asja. 1. Kirjuta tekst juuresolevasse kasti (kuni 40 t\u00e4hem\u00e4rki). 2. Vali v\u00e4lja r\u00e4tiku v\u00e4rv. 3. Vali v\u00e4lja niidi v\u00e4rv. 4. Vali kirjafont.\"}\" data-sheets-userformat=\"{\"2\":7043,\"3\":{\"1\":0},\"4\":{\"1\":3,\"3\":2},\"10\":1,\"11\":4,\"12\":0,\"14\":{\"1\":2,\"2\":0},\"15\":\"Roboto, RobotoDraft, Helvetica, Arial, sans-serif\"}\">1. Choose the color of the towel. <\/span><\/p>\n<p><span data-sheets-value=\"{\"1\":2,\"2\":\"Selleks, et saada personaalse s\u00f5numiga saunalina, tee palun 4 asja. 1. Kirjuta tekst juuresolevasse kasti (kuni 40 t\u00e4hem\u00e4rki). 2. Vali v\u00e4lja r\u00e4tiku v\u00e4rv. 3. Vali v\u00e4lja niidi v\u00e4rv. 4. Vali kirjafont.\"}\" data-sheets-userformat=\"{\"2\":7043,\"3\":{\"1\":0},\"4\":{\"1\":3,\"3\":2},\"10\":1,\"11\":4,\"12\":0,\"14\":{\"1\":2,\"2\":0},\"15\":\"Roboto, RobotoDraft, Helvetica, Arial, sans-serif\"}\">2. Pick out the color of the thread. <\/span><\/p>\n<p><span data-sheets-value=\"{\"1\":2,\"2\":\"Selleks, et saada personaalse s\u00f5numiga saunalina, tee palun 4 asja. 1. Kirjuta tekst juuresolevasse kasti (kuni 40 t\u00e4hem\u00e4rki). 2. Vali v\u00e4lja r\u00e4tiku v\u00e4rv. 3. Vali v\u00e4lja niidi v\u00e4rv. 4. Vali kirjafont.\"}\" data-sheets-userformat=\"{\"2\":7043,\"3\":{\"1\":0},\"4\":{\"1\":3,\"3\":2},\"10\":1,\"11\":4,\"12\":0,\"14\":{\"1\":2,\"2\":0},\"15\":\"Roboto, RobotoDraft, Helvetica, Arial, sans-serif\"}\">3. Choose a font.<\/span><\/p>\n<p><span data-sheets-value=\"{\"1\":2,\"2\":\"Selleks, et saada personaalse s\u00f5numiga saunalina, tee palun 4 asja. 1. Kirjuta tekst juuresolevasse kasti (kuni 40 t\u00e4hem\u00e4rki). 2. Vali v\u00e4lja r\u00e4tiku v\u00e4rv. 3. Vali v\u00e4lja niidi v\u00e4rv. 4. Vali kirjafont.\"}\" data-sheets-userformat=\"{\"2\":7043,\"3\":{\"1\":0},\"4\":{\"1\":3,\"3\":2},\"10\":1,\"11\":4,\"12\":0,\"14\":{\"1\":2,\"2\":0},\"15\":\"Roboto, RobotoDraft, Helvetica, Arial, sans-serif\"}\">4. Write the text in the accompanying box (up to 40 characters).<\/span><\/p>\n<p>Personalised products cannot be returned.<\/p>\n<ul>\n<li><strong>Delivery of goods<\/strong> within 5 working days from the date of placing the order.<\/li>\n<\/ul>\n<p>\u00a0<\/p>\n","protected":false},"featured_media":10628,"comment_status":"closed","ping_status":"closed","template":"","meta":[],"product_brand":[],"product_cat":[137],"product_tag":[],"class_list":{"0":"post-10631","1":"product","2":"type-product","3":"status-publish","4":"has-post-thumbnail","6":"product_cat-bath-towels","7":"wcpa_has_options","9":"first","10":"instock","11":"shipping-taxable","12":"purchasable","13":"product-type-variable"},"yoast_head":"<!-- This site is optimized with the Yoast SEO plugin v27.5 - https:\/\/yoast.com\/product\/yoast-seo-wordpress\/ -->\n<title>Sauna towel with a personal message - N\u00f6\u00f6rikiri<\/title>\n<meta name=\"robots\" content=\"index, follow, max-snippet:-1, max-image-preview:large, max-video-preview:-1\" \/>\n<link rel=\"canonical\" href=\"https:\/\/noorikiri.ee\/en\/toode\/personal-message-sauna-towel\/\" \/>\n<meta property=\"og:locale\" content=\"en_US\" \/>\n<meta property=\"og:type\" content=\"article\" \/>\n<meta property=\"og:title\" content=\"Sauna towel with a personal message - N\u00f6\u00f6rikiri\" \/>\n<meta property=\"og:description\" content=\"In order to receive a sauna towel with a personal message, please do 4 things.   1. Choose the color of the towel.   2. Pick out the color of the thread.   3. Choose a font.  4. Write the text in the accompanying box (up to 40 characters).  Personalised products cannot be returned.    Delivery of goods within 5 working days from the date of placing the order.   \u00a0\" \/>\n<meta property=\"og:url\" content=\"https:\/\/noorikiri.ee\/en\/toode\/personal-message-sauna-towel\/\" \/>\n<meta property=\"og:site_name\" content=\"N\u00f6\u00f6rikiri\" \/>\n<meta property=\"article:modified_time\" content=\"2024-12-03T11:27:15+00:00\" \/>\n<meta property=\"og:image\" content=\"https:\/\/noorikiri.ee\/wp-content\/uploads\/2022\/06\/kkk.jpg\" \/>\n\t<meta property=\"og:image:width\" content=\"1080\" \/>\n\t<meta property=\"og:image:height\" content=\"1080\" \/>\n\t<meta property=\"og:image:type\" content=\"image\/jpeg\" \/>\n<meta name=\"twitter:card\" content=\"summary_large_image\" \/>\n<meta name=\"twitter:label1\" content=\"Est. reading time\" \/>\n\t<meta name=\"twitter:data1\" content=\"1 minute\" \/>\n<script type=\"application\/ld+json\" class=\"yoast-schema-graph\">{\"@context\":\"https:\\\/\\\/schema.org\",\"@graph\":[{\"@type\":\"WebPage\",\"@id\":\"https:\\\/\\\/noorikiri.ee\\\/en\\\/toode\\\/personal-message-sauna-towel\\\/\",\"url\":\"https:\\\/\\\/noorikiri.ee\\\/en\\\/toode\\\/personal-message-sauna-towel\\\/\",\"name\":\"Sauna towel with a personal message - N\u00f6\u00f6rikiri\",\"isPartOf\":{\"@id\":\"https:\\\/\\\/noorikiri.ee\\\/en\\\/#website\"},\"primaryImageOfPage\":{\"@id\":\"https:\\\/\\\/noorikiri.ee\\\/en\\\/toode\\\/personal-message-sauna-towel\\\/#primaryimage\"},\"image\":{\"@id\":\"https:\\\/\\\/noorikiri.ee\\\/en\\\/toode\\\/personal-message-sauna-towel\\\/#primaryimage\"},\"thumbnailUrl\":\"https:\\\/\\\/noorikiri.ee\\\/wp-content\\\/uploads\\\/2022\\\/06\\\/kkk.jpg\",\"datePublished\":\"2022-08-05T10:03:44+00:00\",\"dateModified\":\"2024-12-03T11:27:15+00:00\",\"breadcrumb\":{\"@id\":\"https:\\\/\\\/noorikiri.ee\\\/en\\\/toode\\\/personal-message-sauna-towel\\\/#breadcrumb\"},\"inLanguage\":\"en-US\",\"potentialAction\":[{\"@type\":\"ReadAction\",\"target\":[\"https:\\\/\\\/noorikiri.ee\\\/en\\\/toode\\\/personal-message-sauna-towel\\\/\"]}]},{\"@type\":\"ImageObject\",\"inLanguage\":\"en-US\",\"@id\":\"https:\\\/\\\/noorikiri.ee\\\/en\\\/toode\\\/personal-message-sauna-towel\\\/#primaryimage\",\"url\":\"https:\\\/\\\/noorikiri.ee\\\/wp-content\\\/uploads\\\/2022\\\/06\\\/kkk.jpg\",\"contentUrl\":\"https:\\\/\\\/noorikiri.ee\\\/wp-content\\\/uploads\\\/2022\\\/06\\\/kkk.jpg\",\"width\":1080,\"height\":1080},{\"@type\":\"BreadcrumbList\",\"@id\":\"https:\\\/\\\/noorikiri.ee\\\/en\\\/toode\\\/personal-message-sauna-towel\\\/#breadcrumb\",\"itemListElement\":[{\"@type\":\"ListItem\",\"position\":1,\"name\":\"Esileht\",\"item\":\"https:\\\/\\\/noorikiri.ee\\\/en\\\/\"},{\"@type\":\"ListItem\",\"position\":2,\"name\":\"Shop\",\"item\":\"https:\\\/\\\/noorikiri.ee\\\/en\\\/pood\\\/\"},{\"@type\":\"ListItem\",\"position\":3,\"name\":\"Sauna towel with a personal message\"}]},{\"@type\":\"WebSite\",\"@id\":\"https:\\\/\\\/noorikiri.ee\\\/en\\\/#website\",\"url\":\"https:\\\/\\\/noorikiri.ee\\\/en\\\/\",\"name\":\"N\u00f6\u00f6rikiri\",\"description\":\"\",\"potentialAction\":[{\"@type\":\"SearchAction\",\"target\":{\"@type\":\"EntryPoint\",\"urlTemplate\":\"https:\\\/\\\/noorikiri.ee\\\/en\\\/?s={search_term_string}\"},\"query-input\":{\"@type\":\"PropertyValueSpecification\",\"valueRequired\":true,\"valueName\":\"search_term_string\"}}],\"inLanguage\":\"en-US\"}]}<\/script>\n<!-- \/ Yoast SEO plugin. -->","yoast_head_json":{"title":"Sauna towel with a personal message - N\u00f6\u00f6rikiri","robots":{"index":"index","follow":"follow","max-snippet":"max-snippet:-1","max-image-preview":"max-image-preview:large","max-video-preview":"max-video-preview:-1"},"canonical":"https:\/\/noorikiri.ee\/en\/toode\/personal-message-sauna-towel\/","og_locale":"en_US","og_type":"article","og_title":"Sauna towel with a personal message - N\u00f6\u00f6rikiri","og_description":"In order to receive a sauna towel with a personal message, please do 4 things.   1. Choose the color of the towel.   2. Pick out the color of the thread.   3. Choose a font.  4. Write the text in the accompanying box (up to 40 characters).  Personalised products cannot be returned.    Delivery of goods within 5 working days from the date of placing the order.   \u00a0","og_url":"https:\/\/noorikiri.ee\/en\/toode\/personal-message-sauna-towel\/","og_site_name":"N\u00f6\u00f6rikiri","article_modified_time":"2024-12-03T11:27:15+00:00","og_image":[{"width":1080,"height":1080,"url":"https:\/\/noorikiri.ee\/wp-content\/uploads\/2022\/06\/kkk.jpg","type":"image\/jpeg"}],"twitter_card":"summary_large_image","twitter_misc":{"Est. reading time":"1 minute"},"schema":{"@context":"https:\/\/schema.org","@graph":[{"@type":"WebPage","@id":"https:\/\/noorikiri.ee\/en\/toode\/personal-message-sauna-towel\/","url":"https:\/\/noorikiri.ee\/en\/toode\/personal-message-sauna-towel\/","name":"Sauna towel with a personal message - N\u00f6\u00f6rikiri","isPartOf":{"@id":"https:\/\/noorikiri.ee\/en\/#website"},"primaryImageOfPage":{"@id":"https:\/\/noorikiri.ee\/en\/toode\/personal-message-sauna-towel\/#primaryimage"},"image":{"@id":"https:\/\/noorikiri.ee\/en\/toode\/personal-message-sauna-towel\/#primaryimage"},"thumbnailUrl":"https:\/\/noorikiri.ee\/wp-content\/uploads\/2022\/06\/kkk.jpg","datePublished":"2022-08-05T10:03:44+00:00","dateModified":"2024-12-03T11:27:15+00:00","breadcrumb":{"@id":"https:\/\/noorikiri.ee\/en\/toode\/personal-message-sauna-towel\/#breadcrumb"},"inLanguage":"en-US","potentialAction":[{"@type":"ReadAction","target":["https:\/\/noorikiri.ee\/en\/toode\/personal-message-sauna-towel\/"]}]},{"@type":"ImageObject","inLanguage":"en-US","@id":"https:\/\/noorikiri.ee\/en\/toode\/personal-message-sauna-towel\/#primaryimage","url":"https:\/\/noorikiri.ee\/wp-content\/uploads\/2022\/06\/kkk.jpg","contentUrl":"https:\/\/noorikiri.ee\/wp-content\/uploads\/2022\/06\/kkk.jpg","width":1080,"height":1080},{"@type":"BreadcrumbList","@id":"https:\/\/noorikiri.ee\/en\/toode\/personal-message-sauna-towel\/#breadcrumb","itemListElement":[{"@type":"ListItem","position":1,"name":"Esileht","item":"https:\/\/noorikiri.ee\/en\/"},{"@type":"ListItem","position":2,"name":"Shop","item":"https:\/\/noorikiri.ee\/en\/pood\/"},{"@type":"ListItem","position":3,"name":"Sauna towel with a personal message"}]},{"@type":"WebSite","@id":"https:\/\/noorikiri.ee\/en\/#website","url":"https:\/\/noorikiri.ee\/en\/","name":"N\u00f6\u00f6rikiri","description":"","potentialAction":[{"@type":"SearchAction","target":{"@type":"EntryPoint","urlTemplate":"https:\/\/noorikiri.ee\/en\/?s={search_term_string}"},"query-input":{"@type":"PropertyValueSpecification","valueRequired":true,"valueName":"search_term_string"}}],"inLanguage":"en-US"}]}},"_links":{"self":[{"href":"https:\/\/noorikiri.ee\/en\/wp-json\/wp\/v2\/product\/10631","targetHints":{"allow":["GET"]}}],"collection":[{"href":"https:\/\/noorikiri.ee\/en\/wp-json\/wp\/v2\/product"}],"about":[{"href":"https:\/\/noorikiri.ee\/en\/wp-json\/wp\/v2\/types\/product"}],"replies":[{"embeddable":true,"href":"https:\/\/noorikiri.ee\/en\/wp-json\/wp\/v2\/comments?post=10631"}],"wp:featuredmedia":[{"embeddable":true,"href":"https:\/\/noorikiri.ee\/en\/wp-json\/wp\/v2\/media\/10628"}],"wp:attachment":[{"href":"https:\/\/noorikiri.ee\/en\/wp-json\/wp\/v2\/media?parent=10631"}],"wp:term":[{"taxonomy":"product_brand","embeddable":true,"href":"https:\/\/noorikiri.ee\/en\/wp-json\/wp\/v2\/product_brand?post=10631"},{"taxonomy":"product_cat","embeddable":true,"href":"https:\/\/noorikiri.ee\/en\/wp-json\/wp\/v2\/product_cat?post=10631"},{"taxonomy":"product_tag","embeddable":true,"href":"https:\/\/noorikiri.ee\/en\/wp-json\/wp\/v2\/product_tag?post=10631"}],"curies":[{"name":"wp","href":"https:\/\/api.w.org\/{rel}","templated":true}]}}