{"id":11118,"date":"2021-07-21T01:23:33","date_gmt":"2021-07-21T01:23:33","guid":{"rendered":"https:\/\/noorikiri.ee\/contact\/"},"modified":"2024-11-18T09:33:57","modified_gmt":"2024-11-18T09:33:57","slug":"contact","status":"publish","type":"page","link":"https:\/\/noorikiri.ee\/en\/contact\/","title":{"rendered":"Contact"},"content":{"rendered":"\t\t<div data-elementor-type=\"wp-page\" data-elementor-id=\"11118\" class=\"elementor elementor-11118 elementor-3385\">\n\t\t\t\t\t\t<section class=\"elementor-section elementor-top-section elementor-element elementor-element-5a3a173 elementor-section-boxed elementor-section-height-default elementor-section-height-default qodef-elementor-content-no\" data-id=\"5a3a173\" data-element_type=\"section\" data-e-type=\"section\">\n\t\t\t\t\t\t<div class=\"elementor-container elementor-column-gap-default\">\n\t\t\t\t\t<div class=\"elementor-column elementor-col-50 elementor-top-column elementor-element elementor-element-a30863b\" data-id=\"a30863b\" data-element_type=\"column\" data-e-type=\"column\">\n\t\t\t<div class=\"elementor-widget-wrap elementor-element-populated\">\n\t\t\t\t\t\t<div class=\"elementor-element elementor-element-d7d5171 elementor-widget elementor-widget-image\" data-id=\"d7d5171\" data-element_type=\"widget\" data-e-type=\"widget\" data-widget_type=\"image.default\">\n\t\t\t\t<div class=\"elementor-widget-container\">\n\t\t\t\t\t\t\t\t\t\t\t\t\t\t\t<img fetchpriority=\"high\" decoding=\"async\" width=\"1024\" height=\"768\" src=\"https:\/\/noorikiri.ee\/wp-content\/uploads\/2022\/09\/20220719_185307-1024x768.jpg\" class=\"attachment-large size-large wp-image-11360\" alt=\"\" srcset=\"https:\/\/noorikiri.ee\/wp-content\/uploads\/2022\/09\/20220719_185307-1024x768.jpg 1024w, https:\/\/noorikiri.ee\/wp-content\/uploads\/2022\/09\/20220719_185307-300x225.jpg 300w, https:\/\/noorikiri.ee\/wp-content\/uploads\/2022\/09\/20220719_185307-768x576.jpg 768w, https:\/\/noorikiri.ee\/wp-content\/uploads\/2022\/09\/20220719_185307-1536x1152.jpg 1536w, https:\/\/noorikiri.ee\/wp-content\/uploads\/2022\/09\/20220719_185307-2048x1536.jpg 2048w, https:\/\/noorikiri.ee\/wp-content\/uploads\/2022\/09\/20220719_185307-600x450.jpg 600w\" sizes=\"(max-width: 1024px) 100vw, 1024px\" \/>\t\t\t\t\t\t\t\t\t\t\t\t\t\t\t<\/div>\n\t\t\t\t<\/div>\n\t\t\t\t\t<\/div>\n\t\t<\/div>\n\t\t\t\t<div class=\"elementor-column elementor-col-50 elementor-top-column elementor-element elementor-element-833783b\" data-id=\"833783b\" data-element_type=\"column\" data-e-type=\"column\">\n\t\t\t<div class=\"elementor-widget-wrap elementor-element-populated\">\n\t\t\t\t\t\t<div class=\"elementor-element elementor-element-356e882 elementor-widget elementor-widget-heading\" data-id=\"356e882\" data-element_type=\"widget\" data-e-type=\"widget\" data-widget_type=\"heading.default\">\n\t\t\t\t<div class=\"elementor-widget-container\">\n\t\t\t\t\t<h2 class=\"elementor-heading-title elementor-size-default\">LET'S FIND OUT MORE<\/h2>\t\t\t\t<\/div>\n\t\t\t\t<\/div>\n\t\t\t\t<div class=\"elementor-element elementor-element-144bdfa elementor-widget elementor-widget-heading\" data-id=\"144bdfa\" data-element_type=\"widget\" data-e-type=\"widget\" data-widget_type=\"heading.default\">\n\t\t\t\t<div class=\"elementor-widget-container\">\n\t\t\t\t\t<h2 class=\"elementor-heading-title elementor-size-default\">It's great to see you!<\/h2>\t\t\t\t<\/div>\n\t\t\t\t<\/div>\n\t\t\t\t<div class=\"elementor-element elementor-element-d521a41 elementor-widget elementor-widget-text-editor\" data-id=\"d521a41\" data-element_type=\"widget\" data-e-type=\"widget\" data-widget_type=\"text-editor.default\">\n\t\t\t\t<div class=\"elementor-widget-container\">\n\t\t\t\t\t\t\t\t\t<p>Behind N\u00f6\u00f6rikiri, meaning string letter in Estonian, is a mother-daughter duo from Saaremaa, Estonia. <br \/>Together we decided to combine Tiina\u2019s life-long love of sewing and interest with machine embroidery with Kati&#8217;s adventurous ideas and intuition for social media. N\u00f6\u00f6rikiri was born in 2015. and we have been developing and growing over the years.<\/p>\n<p>More than anything, N\u00f6\u00f6rikiri loves to delight people with creative and high quality sewing work and machine embroidery.<br \/>We can playfully give new life to old clothes or create something brand new to enjoy for years to come. <br \/>The best solutions, however, are born from collaboration. We are ready to bring your dream to life!<\/p>\n<p>If you don\u2019t find what you were looking for on our site, write to us, let us know and we\u2019ll work together to create something especially for you!<\/p>\n<p><strong>Tiina and Kati<\/strong><\/p>\n\t\t\t\t\t\t\t\t<\/div>\n\t\t\t\t<\/div>\n\t\t\t\t\t<\/div>\n\t\t<\/div>\n\t\t\t\t\t<\/div>\n\t\t<\/section>\n\t\t\t\t<section class=\"elementor-section elementor-top-section elementor-element elementor-element-0edf5c2 qodef-elementor-content-grid elementor-section-height-min-height elementor-section-boxed elementor-section-height-default elementor-section-items-middle\" data-id=\"0edf5c2\" data-element_type=\"section\" data-e-type=\"section\" data-settings=\"{&quot;background_background&quot;:&quot;classic&quot;}\">\n\t\t\t\t\t\t<div class=\"elementor-container elementor-column-gap-default\">\n\t\t\t\t\t<div class=\"elementor-column elementor-col-50 elementor-top-column elementor-element elementor-element-7c1eed9\" data-id=\"7c1eed9\" data-element_type=\"column\" data-e-type=\"column\">\n\t\t\t<div class=\"elementor-widget-wrap elementor-element-populated\">\n\t\t\t\t\t\t<div class=\"elementor-element elementor-element-619b8e2 elementor-widget elementor-widget-heading\" data-id=\"619b8e2\" data-element_type=\"widget\" data-e-type=\"widget\" data-widget_type=\"heading.default\">\n\t\t\t\t<div class=\"elementor-widget-container\">\n\t\t\t\t\t<h2 class=\"elementor-heading-title elementor-size-default\">N\u00d6\u00d6RIKIRI O\u00dc<\/h2>\t\t\t\t<\/div>\n\t\t\t\t<\/div>\n\t\t\t\t<div class=\"elementor-element elementor-element-39a17c4 elementor-widget elementor-widget-heading\" data-id=\"39a17c4\" data-element_type=\"widget\" data-e-type=\"widget\" data-widget_type=\"heading.default\">\n\t\t\t\t<div class=\"elementor-widget-container\">\n\t\t\t\t\t<h2 class=\"elementor-heading-title elementor-size-default\">Address<\/h2>\t\t\t\t<\/div>\n\t\t\t\t<\/div>\n\t\t\t\t<div class=\"elementor-element elementor-element-fc3db94 elementor-widget elementor-widget-text-editor\" data-id=\"fc3db94\" data-element_type=\"widget\" data-e-type=\"widget\" data-widget_type=\"text-editor.default\">\n\t\t\t\t<div class=\"elementor-widget-container\">\n\t\t\t\t\t\t\t\t\t<p>Rootsi 7, Kuressaare<\/p>\n\t\t\t\t\t\t\t\t<\/div>\n\t\t\t\t<\/div>\n\t\t\t\t<div class=\"elementor-element elementor-element-87359a8 elementor-widget elementor-widget-heading\" data-id=\"87359a8\" data-element_type=\"widget\" data-e-type=\"widget\" data-widget_type=\"heading.default\">\n\t\t\t\t<div class=\"elementor-widget-container\">\n\t\t\t\t\t<h2 class=\"elementor-heading-title elementor-size-default\">E-mail<\/h2>\t\t\t\t<\/div>\n\t\t\t\t<\/div>\n\t\t\t\t<div class=\"elementor-element elementor-element-d4106d5 elementor-widget elementor-widget-text-editor\" data-id=\"d4106d5\" data-element_type=\"widget\" data-e-type=\"widget\" data-widget_type=\"text-editor.default\">\n\t\t\t\t<div class=\"elementor-widget-container\">\n\t\t\t\t\t\t\t\t\t<p><a href=\"mailto:info@noorikiri.ee\">info@noorikiri.ee<\/a><\/p>\n\t\t\t\t\t\t\t\t<\/div>\n\t\t\t\t<\/div>\n\t\t\t\t<div class=\"elementor-element elementor-element-5f60da3 elementor-widget elementor-widget-heading\" data-id=\"5f60da3\" data-element_type=\"widget\" data-e-type=\"widget\" data-widget_type=\"heading.default\">\n\t\t\t\t<div class=\"elementor-widget-container\">\n\t\t\t\t\t<h2 class=\"elementor-heading-title elementor-size-default\">Telefon<\/h2>\t\t\t\t<\/div>\n\t\t\t\t<\/div>\n\t\t\t\t<div class=\"elementor-element elementor-element-5beab05 elementor-widget elementor-widget-text-editor\" data-id=\"5beab05\" data-element_type=\"widget\" data-e-type=\"widget\" data-widget_type=\"text-editor.default\">\n\t\t\t\t<div class=\"elementor-widget-container\">\n\t\t\t\t\t\t\t\t\t<p>+372 54 280 720<\/p>\n\t\t\t\t\t\t\t\t<\/div>\n\t\t\t\t<\/div>\n\t\t\t\t<div class=\"elementor-element elementor-element-08c602b elementor-widget elementor-widget-heading\" data-id=\"08c602b\" data-element_type=\"widget\" data-e-type=\"widget\" data-widget_type=\"heading.default\">\n\t\t\t\t<div class=\"elementor-widget-container\">\n\t\t\t\t\t<h2 class=\"elementor-heading-title elementor-size-default\">Phone and email are answered<\/h2>\t\t\t\t<\/div>\n\t\t\t\t<\/div>\n\t\t\t\t<div class=\"elementor-element elementor-element-d1fa8e1 elementor-widget elementor-widget-text-editor\" data-id=\"d1fa8e1\" data-element_type=\"widget\" data-e-type=\"widget\" data-widget_type=\"text-editor.default\">\n\t\t\t\t<div class=\"elementor-widget-container\">\n\t\t\t\t\t\t\t\t\t<p>Monday &#8211; Friday<\/p>\n<p>08:00 &#8211; 17:00<\/p>\n\t\t\t\t\t\t\t\t<\/div>\n\t\t\t\t<\/div>\n\t\t\t\t\t<\/div>\n\t\t<\/div>\n\t\t\t\t<div class=\"elementor-column elementor-col-50 elementor-top-column elementor-element elementor-element-61b9237\" data-id=\"61b9237\" data-element_type=\"column\" data-e-type=\"column\">\n\t\t\t<div class=\"elementor-widget-wrap elementor-element-populated\">\n\t\t\t\t\t\t<div class=\"elementor-element elementor-element-00fd096 elementor-widget elementor-widget-wp-widget-etruscan_core_contact_form_7\" data-id=\"00fd096\" data-element_type=\"widget\" data-e-type=\"widget\" data-widget_type=\"wp-widget-etruscan_core_contact_form_7.default\">\n\t\t\t\t<div class=\"elementor-widget-container\">\n\t\t\t\t\t\t\t\t<div class=\"qodef-contact-form-7\">\n\t\t\t\t\n<div class=\"wpcf7 no-js\" id=\"wpcf7-f3763-o1\" lang=\"en-US\" dir=\"ltr\" data-wpcf7-id=\"3763\">\n<div class=\"screen-reader-response\"><p role=\"status\" aria-live=\"polite\" aria-atomic=\"true\"><\/p> <ul><\/ul><\/div>\n<form action=\"\/en\/wp-json\/wp\/v2\/pages\/11118#wpcf7-f3763-o1\" method=\"post\" class=\"wpcf7-form init\" aria-label=\"Contact form\" novalidate=\"novalidate\" data-status=\"init\">\n<fieldset class=\"hidden-fields-container\"><input type=\"hidden\" name=\"_wpcf7\" value=\"3763\" \/><input type=\"hidden\" name=\"_wpcf7_version\" value=\"6.1.5\" \/><input type=\"hidden\" name=\"_wpcf7_locale\" value=\"en_US\" \/><input type=\"hidden\" name=\"_wpcf7_unit_tag\" value=\"wpcf7-f3763-o1\" \/><input type=\"hidden\" name=\"_wpcf7_container_post\" value=\"0\" \/><input type=\"hidden\" name=\"_wpcf7_posted_data_hash\" value=\"\" \/><input type=\"hidden\" name=\"_wpcf7_recaptcha_response\" value=\"\" \/>\n<\/fieldset>\n<p><span class=\"wpcf7-form-control-wrap\" data-name=\"Nimi\"><input size=\"40\" maxlength=\"400\" class=\"wpcf7-form-control wpcf7-text wpcf7-validates-as-required\" aria-required=\"true\" aria-invalid=\"false\" placeholder=\"T\u00e4isnimi\" value=\"\" type=\"text\" name=\"Nimi\" \/><\/span><br \/>\n<span class=\"wpcf7-form-control-wrap\" data-name=\"Telefon\"><input size=\"40\" maxlength=\"400\" class=\"wpcf7-form-control wpcf7-tel wpcf7-text wpcf7-validates-as-tel\" aria-invalid=\"false\" placeholder=\"Telefoninumber\" value=\"\" type=\"tel\" name=\"Telefon\" \/><\/span><br \/>\n<span class=\"wpcf7-form-control-wrap\" data-name=\"Email\"><input size=\"40\" maxlength=\"400\" class=\"wpcf7-form-control wpcf7-email wpcf7-text wpcf7-validates-as-email\" aria-invalid=\"false\" placeholder=\"Email\" value=\"\" type=\"email\" name=\"Email\" \/><\/span><br \/>\n<br \/>\n<\/p>\n<div style=\"margin-top: 1px;\">\n\t<p><span class=\"wpcf7-form-control-wrap\" data-name=\"message\"><textarea cols=\"40\" rows=\"3\" maxlength=\"2000\" class=\"wpcf7-form-control wpcf7-textarea\" aria-invalid=\"false\" placeholder=\"Kirjuta meile siia...\" name=\"message\"><\/textarea><\/span>\n\t<\/p>\n<\/div>\n<p><button style=\"margin-top: 0px;\" name=\"submit\" type=\"submit\" id=\"submit\" class=\"qodef-button qodef-layout--solid\" value=\"Submit\"><span class=\"qodef-m-text\">Saada kiri<\/span><\/button>\n<\/p><div class=\"wpcf7-response-output\" aria-hidden=\"true\"><\/div>\n<\/form>\n<\/div>\n\t\t\t<\/div>\n\t\t\t\t\t\t\t<\/div>\n\t\t\t\t<\/div>\n\t\t\t\t\t<\/div>\n\t\t<\/div>\n\t\t\t\t\t<\/div>\n\t\t<\/section>\n\t\t\t\t<\/div>\n\t\t","protected":false},"excerpt":{"rendered":"<p>LET&#8217;S FIND OUT MORE It&#8217;s great to see you! Behind N\u00f6\u00f6rikiri, meaning string letter in Estonian, is a mother-daughter duo from Saaremaa, Estonia. Together we decided to combine Tiina\u2019s life-long love of sewing and interest with machine embroidery with Kati&#8217;s adventurous ideas and intuition for social media. N\u00f6\u00f6rikiri was born in 2015. and we have [&hellip;]<\/p>\n","protected":false},"author":4,"featured_media":0,"parent":0,"menu_order":0,"comment_status":"closed","ping_status":"closed","template":"page-full-width.php","meta":{"footnotes":""},"class_list":["post-11118","page","type-page","status-publish","hentry"],"yoast_head":"<!-- This site is optimized with the Yoast SEO plugin v27.5 - https:\/\/yoast.com\/product\/yoast-seo-wordpress\/ -->\n<title>Contact - N\u00f6\u00f6rikiri<\/title>\n<meta name=\"description\" content=\"More than anything, N\u00f6\u00f6rikiri loves to delight people with creative and high quality sewing work and machine embroidery. We can playfully give new life to old clothes or create something brand new to enjoy for years to come.\" \/>\n<meta name=\"robots\" content=\"index, follow, max-snippet:-1, max-image-preview:large, max-video-preview:-1\" \/>\n<link rel=\"canonical\" href=\"https:\/\/noorikiri.ee\/en\/contact\/\" \/>\n<meta property=\"og:locale\" content=\"en_US\" \/>\n<meta property=\"og:type\" content=\"article\" \/>\n<meta property=\"og:title\" content=\"Contact - N\u00f6\u00f6rikiri\" \/>\n<meta property=\"og:description\" content=\"More than anything, N\u00f6\u00f6rikiri loves to delight people with creative and high quality sewing work and machine embroidery. We can playfully give new life to old clothes or create something brand new to enjoy for years to come.\" \/>\n<meta property=\"og:url\" content=\"https:\/\/noorikiri.ee\/en\/contact\/\" \/>\n<meta property=\"og:site_name\" content=\"N\u00f6\u00f6rikiri\" \/>\n<meta property=\"article:modified_time\" content=\"2024-11-18T09:33:57+00:00\" \/>\n<meta property=\"og:image\" content=\"https:\/\/noorikiri.ee\/wp-content\/uploads\/2022\/09\/20220719_185307-scaled.jpg\" \/>\n\t<meta property=\"og:image:width\" content=\"2560\" \/>\n\t<meta property=\"og:image:height\" content=\"1920\" \/>\n\t<meta property=\"og:image:type\" content=\"image\/jpeg\" \/>\n<meta name=\"twitter:card\" content=\"summary_large_image\" \/>\n<script type=\"application\/ld+json\" class=\"yoast-schema-graph\">{\"@context\":\"https:\\\/\\\/schema.org\",\"@graph\":[{\"@type\":\"WebPage\",\"@id\":\"https:\\\/\\\/noorikiri.ee\\\/en\\\/contact\\\/\",\"url\":\"https:\\\/\\\/noorikiri.ee\\\/en\\\/contact\\\/\",\"name\":\"Contact - N\u00f6\u00f6rikiri\",\"isPartOf\":{\"@id\":\"https:\\\/\\\/noorikiri.ee\\\/en\\\/#website\"},\"primaryImageOfPage\":{\"@id\":\"https:\\\/\\\/noorikiri.ee\\\/en\\\/contact\\\/#primaryimage\"},\"image\":{\"@id\":\"https:\\\/\\\/noorikiri.ee\\\/en\\\/contact\\\/#primaryimage\"},\"thumbnailUrl\":\"https:\\\/\\\/noorikiri.ee\\\/wp-content\\\/uploads\\\/2022\\\/09\\\/20220719_185307-1024x768.jpg\",\"datePublished\":\"2021-07-21T01:23:33+00:00\",\"dateModified\":\"2024-11-18T09:33:57+00:00\",\"description\":\"More than anything, N\u00f6\u00f6rikiri loves to delight people with creative and high quality sewing work and machine embroidery. We can playfully give new life to old clothes or create something brand new to enjoy for years to come.\",\"breadcrumb\":{\"@id\":\"https:\\\/\\\/noorikiri.ee\\\/en\\\/contact\\\/#breadcrumb\"},\"inLanguage\":\"en-US\",\"potentialAction\":[{\"@type\":\"ReadAction\",\"target\":[\"https:\\\/\\\/noorikiri.ee\\\/en\\\/contact\\\/\"]}]},{\"@type\":\"ImageObject\",\"inLanguage\":\"en-US\",\"@id\":\"https:\\\/\\\/noorikiri.ee\\\/en\\\/contact\\\/#primaryimage\",\"url\":\"https:\\\/\\\/noorikiri.ee\\\/wp-content\\\/uploads\\\/2022\\\/09\\\/20220719_185307-1024x768.jpg\",\"contentUrl\":\"https:\\\/\\\/noorikiri.ee\\\/wp-content\\\/uploads\\\/2022\\\/09\\\/20220719_185307-1024x768.jpg\"},{\"@type\":\"BreadcrumbList\",\"@id\":\"https:\\\/\\\/noorikiri.ee\\\/en\\\/contact\\\/#breadcrumb\",\"itemListElement\":[{\"@type\":\"ListItem\",\"position\":1,\"name\":\"Esileht\",\"item\":\"https:\\\/\\\/noorikiri.ee\\\/en\\\/\"},{\"@type\":\"ListItem\",\"position\":2,\"name\":\"Contact\"}]},{\"@type\":\"WebSite\",\"@id\":\"https:\\\/\\\/noorikiri.ee\\\/en\\\/#website\",\"url\":\"https:\\\/\\\/noorikiri.ee\\\/en\\\/\",\"name\":\"N\u00f6\u00f6rikiri\",\"description\":\"\",\"potentialAction\":[{\"@type\":\"SearchAction\",\"target\":{\"@type\":\"EntryPoint\",\"urlTemplate\":\"https:\\\/\\\/noorikiri.ee\\\/en\\\/?s={search_term_string}\"},\"query-input\":{\"@type\":\"PropertyValueSpecification\",\"valueRequired\":true,\"valueName\":\"search_term_string\"}}],\"inLanguage\":\"en-US\"}]}<\/script>\n<!-- \/ Yoast SEO plugin. -->","yoast_head_json":{"title":"Contact - N\u00f6\u00f6rikiri","description":"More than anything, N\u00f6\u00f6rikiri loves to delight people with creative and high quality sewing work and machine embroidery. We can playfully give new life to old clothes or create something brand new to enjoy for years to come.","robots":{"index":"index","follow":"follow","max-snippet":"max-snippet:-1","max-image-preview":"max-image-preview:large","max-video-preview":"max-video-preview:-1"},"canonical":"https:\/\/noorikiri.ee\/en\/contact\/","og_locale":"en_US","og_type":"article","og_title":"Contact - N\u00f6\u00f6rikiri","og_description":"More than anything, N\u00f6\u00f6rikiri loves to delight people with creative and high quality sewing work and machine embroidery. We can playfully give new life to old clothes or create something brand new to enjoy for years to come.","og_url":"https:\/\/noorikiri.ee\/en\/contact\/","og_site_name":"N\u00f6\u00f6rikiri","article_modified_time":"2024-11-18T09:33:57+00:00","og_image":[{"width":2560,"height":1920,"url":"https:\/\/noorikiri.ee\/wp-content\/uploads\/2022\/09\/20220719_185307-scaled.jpg","type":"image\/jpeg"}],"twitter_card":"summary_large_image","schema":{"@context":"https:\/\/schema.org","@graph":[{"@type":"WebPage","@id":"https:\/\/noorikiri.ee\/en\/contact\/","url":"https:\/\/noorikiri.ee\/en\/contact\/","name":"Contact - N\u00f6\u00f6rikiri","isPartOf":{"@id":"https:\/\/noorikiri.ee\/en\/#website"},"primaryImageOfPage":{"@id":"https:\/\/noorikiri.ee\/en\/contact\/#primaryimage"},"image":{"@id":"https:\/\/noorikiri.ee\/en\/contact\/#primaryimage"},"thumbnailUrl":"https:\/\/noorikiri.ee\/wp-content\/uploads\/2022\/09\/20220719_185307-1024x768.jpg","datePublished":"2021-07-21T01:23:33+00:00","dateModified":"2024-11-18T09:33:57+00:00","description":"More than anything, N\u00f6\u00f6rikiri loves to delight people with creative and high quality sewing work and machine embroidery. We can playfully give new life to old clothes or create something brand new to enjoy for years to come.","breadcrumb":{"@id":"https:\/\/noorikiri.ee\/en\/contact\/#breadcrumb"},"inLanguage":"en-US","potentialAction":[{"@type":"ReadAction","target":["https:\/\/noorikiri.ee\/en\/contact\/"]}]},{"@type":"ImageObject","inLanguage":"en-US","@id":"https:\/\/noorikiri.ee\/en\/contact\/#primaryimage","url":"https:\/\/noorikiri.ee\/wp-content\/uploads\/2022\/09\/20220719_185307-1024x768.jpg","contentUrl":"https:\/\/noorikiri.ee\/wp-content\/uploads\/2022\/09\/20220719_185307-1024x768.jpg"},{"@type":"BreadcrumbList","@id":"https:\/\/noorikiri.ee\/en\/contact\/#breadcrumb","itemListElement":[{"@type":"ListItem","position":1,"name":"Esileht","item":"https:\/\/noorikiri.ee\/en\/"},{"@type":"ListItem","position":2,"name":"Contact"}]},{"@type":"WebSite","@id":"https:\/\/noorikiri.ee\/en\/#website","url":"https:\/\/noorikiri.ee\/en\/","name":"N\u00f6\u00f6rikiri","description":"","potentialAction":[{"@type":"SearchAction","target":{"@type":"EntryPoint","urlTemplate":"https:\/\/noorikiri.ee\/en\/?s={search_term_string}"},"query-input":{"@type":"PropertyValueSpecification","valueRequired":true,"valueName":"search_term_string"}}],"inLanguage":"en-US"}]}},"_links":{"self":[{"href":"https:\/\/noorikiri.ee\/en\/wp-json\/wp\/v2\/pages\/11118","targetHints":{"allow":["GET"]}}],"collection":[{"href":"https:\/\/noorikiri.ee\/en\/wp-json\/wp\/v2\/pages"}],"about":[{"href":"https:\/\/noorikiri.ee\/en\/wp-json\/wp\/v2\/types\/page"}],"author":[{"embeddable":true,"href":"https:\/\/noorikiri.ee\/en\/wp-json\/wp\/v2\/users\/4"}],"replies":[{"embeddable":true,"href":"https:\/\/noorikiri.ee\/en\/wp-json\/wp\/v2\/comments?post=11118"}],"version-history":[{"count":5,"href":"https:\/\/noorikiri.ee\/en\/wp-json\/wp\/v2\/pages\/11118\/revisions"}],"predecessor-version":[{"id":14346,"href":"https:\/\/noorikiri.ee\/en\/wp-json\/wp\/v2\/pages\/11118\/revisions\/14346"}],"wp:attachment":[{"href":"https:\/\/noorikiri.ee\/en\/wp-json\/wp\/v2\/media?parent=11118"}],"curies":[{"name":"wp","href":"https:\/\/api.w.org\/{rel}","templated":true}]}}